{"id":10,"date":"2012-01-04T23:33:11","date_gmt":"2012-01-04T23:33:11","guid":{"rendered":"https:\/\/www.hc-sulzburg.de\/?page_id=10"},"modified":"2025-12-28T21:06:17","modified_gmt":"2025-12-28T20:06:17","slug":"die-ausbildung","status":"publish","type":"page","link":"https:\/\/www.hc-sulzburg.de\/?page_id=10","title":{"rendered":"die Ausbildung"},"content":{"rendered":"\n<div style=\"height:20px\" aria-hidden=\"true\" class=\"wp-block-spacer\"><\/div>\n\n\n\n<p>Der beste Einstieg zum Erlernen des Akkordeonspiels gelingt im fr\u00fchen Grundschulalter, also ab dem sechsten Lebensjahr. Aber auch <a href=\"https:\/\/www.hc-sulzburg.de\/?p=237\"><strong>als Erwachsener kann man das Akkordeonspielen erlernen<\/strong><\/a>, daf\u00fcr ist es niemals zu sp\u00e4t. Die Ausbildung erfolgt in der Regel als Einzelunterricht. Der Unterricht in kleinen Gruppen ist m\u00f6glich, wobei die Aufteilung nach eigenen W\u00fcnschen oder organisatorischen Gesichtspunkten erfolgt und sich w\u00e4hrend der Ausbildung \u00e4ndern kann. Mit Beginn der Ausbildung wird bei Minderj\u00e4hrigen auch ein Elternteil <a href=\"https:\/\/www.hc-sulzburg.de\/?page_id=158\"><strong>F\u00f6rdermitglied<\/strong><\/a> des Vereins.<\/p>\n\n\n\n<p>Die Grundausbildung erfolgt beidh\u00e4ndig, d.h. man erlernt das gleichzeitige Spielen von Melodie (rechts) und Begleitung (links). Ziel ist es, das Gef\u00fchl und die Motorik f\u00fcr die Koordination von rechter und linker Hand zusammen mit der Balgbewegung zu entwickeln.&nbsp;Ganz nebenbei erlernt man nat\u00fcrlich auch das Notenlesen.<\/p>\n\n\n\n<figure class=\"wp-block-image size-large\"><img decoding=\"async\" src=\"https:\/\/www.hc-sulzburg.de\/wp-content\/uploads\/Vereinsbild\/anf\u00e4nger_gruppe.jpg\" alt=\"\"\/><\/figure>\n\n\n\n<p>Nun wird langsam der Schwierigkeitsgrad gesteigert, indem immer mehr Technik (geschickte Motorik f\u00fcr schnelleres Spielen) und musikalische Ausdrucksweisen hinzukommen, was sich bis zum Ende der Ausbildungszeit fortsetzt. Wie fast \u00fcberall ist das \u00dcben der Schl\u00fcssel zum Erfolg. Am Anfang kann dies sehr m\u00fchselig und frustrierend sein, aber mit der Zeit entwickeln sich Automatismen, d.h. man kann ein Notenbild immer besser und schneller auf dem Instrument umsetzen. Durch diese Erfolgserlebnisse w\u00e4chst schlie\u00dflich auch der Spa\u00df an der Sache.<\/p>\n\n\n\n<p>Je nach Gruppenkonstellation kommt es in dieser Zeit &#8211; in der Regel nach einem Jahr &#8211; zum ersten Zusammenspiel im Sch\u00fclerorchester. Es gibt es auch eine Kooperation mit dem <a rel=\"noreferrer noopener\" href=\"https:\/\/ao-heitersheim.de\/\" target=\"_blank\"><strong>AO&nbsp;Heitersheim<\/strong><\/a> um Sch\u00fclerorchester besser formieren zu k\u00f6nnen. Hat man sich bis jetzt nur auf sich selbst und sein Instrument konzentriert, erweitert sich pl\u00f6tzlich das H\u00f6ren auf die Mitspieler und das Notenlesen auf den Dirigenten. Alles unter einen Hut zu bekommen, ist nicht einfach und erfordert ebenfalls viel \u00dcbung, Aber erfahrungsgem\u00e4\u00df sorgen gerade die gemeinsamen Erfolgserlebnisse f\u00fcr einen kr\u00e4ftigen Motivationsschub.<\/p>\n\n\n<div class=\"wp-block-image\">\n<figure class=\"aligncenter size-large\"><img decoding=\"async\" src=\"https:\/\/www.hc-sulzburg.de\/wp-content\/uploads\/Vereinsbild\/konz_gruppe.jpg\" alt=\"Sch\u00fclergruppe bei der Nikolausfeier\"\/><\/figure>\n<\/div>\n\n\n<p>Nach ein paar Jahren hat man die F\u00e4higkeiten entwickelt, um im Jugendorchester mitzuspielen. Im Orchesterverband spielt der Einzelne nur noch mit der rechten Hand (Melodie), was jedoch keine Vereinfachung bedeutet, da im Gegenzug das Zusammenspiel einen viel h\u00f6heren Stellenwert einnimmt. Die Ausbildung l\u00e4uft parallel weiter und ist in der Regel mit dem fr\u00fchen Erwachsenenalter abgeschlossen. Meist hat man dann auch die Fertigkeiten, um in das Konzertorchester zu wechseln. Mit der Pubert\u00e4t ist oft eine Neuorientierung im Leben verbunden, bei der das Akkordeon leider h\u00e4ufig dem Rotstift zum Opfer f\u00e4llt. Andererseits bilden sich gerade in dieser Zeit auch Freundschaften f\u00fcrs Leben. Schlie\u00dflich hat man ein gemeinsames Hobby und der Einstieg ins Konzertorchester f\u00e4llt mit der Clique viel leichter und macht dann f\u00fcr gew\u00f6hnlich noch mehr Spa\u00df.<\/p>\n\n\n\n<p>W\u00e4hrend der Ausbildung wird schon relativ fr\u00fch der B\u00fchnenauftritt gesucht, um eine weitere Komponente in den Griff zu bekommen, das Lampenfieber. Auch das will ge\u00fcbt sein. Aus der Summe der gesammelten Erfahrungen entwickelt sich dann das Selbstbewusstsein und die spielerische Sicherheit, also das Vertrauen in die eigenen F\u00e4higkeiten. Deshalb gibt es vor Weihnachten immer eine Nikolausfeier, bei der man bei Kaffee und Kuchen vor Eltern und Verwandten das Erlernte zum Besten geben darf. Begleitend besteht auch immer die M\u00f6glichkeit, an Wertungsspielen teilzunehmen. Auch ein Solo oder Duo-Auftritt bei einem Jahreskonzert kann ein erstrebenswertes Ziel sein. Des weiteren werden \u00fcber den <a rel=\"noopener noreferrer\" href=\"http:\/\/www.dhv-ev.de\/\" target=\"_blank\"><strong>DHV (Deutscher Harmonika Verband<\/strong>)<\/a> die Lehrg\u00e4nge D1 bis D3 angeboten, die \u00fcblicherweise im letzten Viertel der Ausbildungszeit absolviert werden. Ambitionierte Spieler k\u00f6nnen sich z.B. mit den DHV-Lehrg\u00e4ngen C1 (Stimmf\u00fchrer), C2 (Ausbilder) und C3 (Dirigent)<strong> <\/strong>weiter qualifizieren.<\/p>\n\n\n<div class=\"wp-block-image\">\n<figure class=\"aligncenter size-large\"><img decoding=\"async\" src=\"https:\/\/www.hc-sulzburg.de\/wp-content\/uploads\/Vereinsbild\/strebsam.jpg\" alt=\"\"\/><\/figure>\n<\/div>\n\n\n<p>Weil Akkordeons in der Anschaffung nicht ganz billig sind, besteht zu Beginn der Ausbildung die M\u00f6glichkeit, Instrumente des Vereins gegen eine geringe Geb\u00fchr auszuleihen. Wenn sich dann das Interesse gefestigt hat, sollte man auch den Kauf eines eigenen Instrumentes in Erw\u00e4gung ziehen. Das erste eigene Instrument ist in der Regel ein starker Motivator. Egal in welchem Preissegment man ein Akkordeon kauft, bei pfleglicher Behandlung verlieren diese Instrumente kaum an Wert und sind eine sichere Kapitalanlage.<\/p>\n\n\n\n<p>Mindestens einmal im Jahr gibt es einen Ausflug der Jugend, z.B. ein H\u00fcttenwochenende, Zelten, Grillen, Schlittschuhlaufen etc. um das Gemeinschaftsgef\u00fchl zu f\u00f6rdern und zu pflegen. Diese Aktivit\u00e4ten werden von den Jugendleitern organisiert.<\/p>\n\n\n<div class=\"wp-block-image\">\n<figure class=\"aligncenter size-large\"><img decoding=\"async\" src=\"https:\/\/www.hc-sulzburg.de\/wp-content\/uploads\/Vereinsbild\/bergwerk.jpg\" alt=\"Kanu fahrt der Jugend\"\/><\/figure>\n<\/div>\n\n\n<p>Nicht nur Kinder und Jugendliche, sondern auch Erwachsene k\u00f6nnen bei uns eine Akkordeonausbildung beginnen oder einen Auffrischungskurs bei unseren Ausbildern belegen:<\/p>\n\n\n\n<ul class=\"wp-block-list\">\n<li><strong><a href=\"https:\/\/www.hc-sulzburg.de\/?page_id=10861\">Birgit Sablowski<\/a><\/strong> ist ausgebildete Akkordeon- und Klavierlehrerin und unterrichtet Kinder und Jugendliche. Telefon: <strong>07634-551790<\/strong><\/li>\n\n\n\n<li><strong><a href=\"https:\/\/www.hc-sulzburg.de\/?page_id=660\">Michael Huck<\/a> <\/strong>hat ein abgeschlossenes Studium der Musikwissenschaften und unterrichtet Kinder und Jugendliche am Akkordeon und Klavier, sowie Erwachsene am Klavier. Telefon: <strong>0171-7737635<\/strong><\/li>\n\n\n\n<li><strong>Claudia Fiedler-Eichin <\/strong>hat die DHV-Lehrg\u00e4nge D1-3, C2 und C3 absolviert und unterrichtet Erwachsene am Akkordeon. Telefon: <strong>7634-6714<\/strong><\/li>\n<\/ul>\n\n\n\n<p>Ausf\u00fchrliche Informationen gibt es f\u00fcr Kinder und Eltern bei unsere Jugendleiterin Mareike Marquart <strong><a href=\"javascript:;\" data-enc-email=\"whtraq[at]up-fhymohet.qr\" class=\"mail-link\" data-wpel-link=\"ignore\"><span id=\"wpmt-149625-56444\"><\/span><script type=\"text\/javascript\">(function(){var ml=\"jrb4l-e.0nzs%ughdc\",mi=\"0=>69@<38?A5;=4:2=1>7@6\",o=\"\";for(var j=0,l=mi.length;j<l;j++){o+=ml.charAt(mi.charCodeAt(j)-48);}document.getElementById(\"wpmt-149625-56444\").innerHTML = decodeURIComponent(o);}());<\/script><noscript>*protected email*<\/noscript><\/a><\/strong>. Wer Lust hat bei uns mitzumachen, kann sich hier  <strong><a href=\"https:\/\/www.hc-sulzburg.de\/?page_id=5973\">Anmelden<\/a><\/strong>.<\/p>\n","protected":false},"excerpt":{"rendered":"<p>Der beste Einstieg zum Erlernen des Akkordeonspiels gelingt im fr\u00fchen Grundschulalter, also ab dem sechsten Lebensjahr. Aber auch als Erwachsener kann man das Akkordeonspielen erlernen, daf\u00fcr ist es niemals zu sp\u00e4t. Die Ausbildung erfolgt in der Regel als Einzelunterricht. Der &hellip; <a href=\"https:\/\/www.hc-sulzburg.de\/?page_id=10\">Weiterlesen <span class=\"meta-nav\">&rarr;<\/span><\/a><\/p>\n","protected":false},"author":53,"featured_media":7953,"parent":0,"menu_order":0,"comment_status":"closed","ping_status":"closed","template":"sidebar-page.php","meta":{"footnotes":""},"class_list":["post-10","page","type-page","status-publish","has-post-thumbnail","hentry"],"publishpress_future_action":{"enabled":false,"date":"2026-05-08 15:46:29","action":"change-status","newStatus":"draft","terms":[],"taxonomy":"","extraData":[]},"publishpress_future_workflow_manual_trigger":{"enabledWorkflows":[]},"_links":{"self":[{"href":"https:\/\/www.hc-sulzburg.de\/index.php?rest_route=\/wp\/v2\/pages\/10","targetHints":{"allow":["GET"]}}],"collection":[{"href":"https:\/\/www.hc-sulzburg.de\/index.php?rest_route=\/wp\/v2\/pages"}],"about":[{"href":"https:\/\/www.hc-sulzburg.de\/index.php?rest_route=\/wp\/v2\/types\/page"}],"author":[{"embeddable":true,"href":"https:\/\/www.hc-sulzburg.de\/index.php?rest_route=\/wp\/v2\/users\/53"}],"replies":[{"embeddable":true,"href":"https:\/\/www.hc-sulzburg.de\/index.php?rest_route=%2Fwp%2Fv2%2Fcomments&post=10"}],"version-history":[{"count":0,"href":"https:\/\/www.hc-sulzburg.de\/index.php?rest_route=\/wp\/v2\/pages\/10\/revisions"}],"wp:featuredmedia":[{"embeddable":true,"href":"https:\/\/www.hc-sulzburg.de\/index.php?rest_route=\/wp\/v2\/media\/7953"}],"wp:attachment":[{"href":"https:\/\/www.hc-sulzburg.de\/index.php?rest_route=%2Fwp%2Fv2%2Fmedia&parent=10"}],"curies":[{"name":"wp","href":"https:\/\/api.w.org\/{rel}","templated":true}]}}