{"id":12737,"date":"2026-01-21T00:56:54","date_gmt":"2026-01-20T23:56:54","guid":{"rendered":"https:\/\/www.hc-sulzburg.de\/?page_id=12737"},"modified":"2026-01-23T23:35:20","modified_gmt":"2026-01-23T22:35:20","slug":"die-urauffuehrung-toy-train","status":"publish","type":"page","link":"https:\/\/www.hc-sulzburg.de\/?page_id=12737","title":{"rendered":"die Urauff\u00fchrung Toy Train"},"content":{"rendered":"\n<p>von Peter Ebbinghaus, bei unserem Jahreskonzert im Jahr des Akkordeons 2026.<\/p>\n\n\n\n<p> <span style=\"color: #cc0c0c;\"><strong>Live-Mitschnitt<\/strong><\/span> (mit Kopfh\u00f6rern klingt es am besten)<\/p>\n\n\n\n<figure class=\"wp-block-audio\"><audio controls src=\"https:\/\/www.hc-sulzburg.de\/wp-content\/uploads\/toy_train\/Toy_Train.mp3\"><\/audio><figcaption class=\"wp-element-caption\">Toy Train | Peter Ebbinghaus<\/figcaption><\/figure>\n\n\n\n<h2 class=\"wp-block-heading\">Mit dem \u201eToy Train&#8220; entlang des Himalaya Gebirges<\/h2>\n\n\n\n<p><strong>Der Aufbruch: Melodie des Morgens<\/strong><br>Die Reise Beginnt &#8211; mit einer charmanten, fast verspielten Melodie. Wie ein musikalischer Sonnenaufgang erhebt sich der Klang und nimmt uns mit auf eine Fahrt entlang der m\u00e4chtigen Himalaya-Gipfel. Frische Bergluft, leuchtende Farben, gespannte Vorfreude.<\/p>\n\n\n\n<p><strong>Erste Schritte: Ein leichtes Kribbeln<\/strong><br>Langsam setzt sich der Zug in  Bewegung. Die kleinen R\u00e4der ruckeln los, ein Kribbeln durchf\u00e4hrt Beine und Bauch. Die Musik z\u00f6gert noch, wie ein innerer Puls. Wird alles gut gehen?<\/p>\n\n\n\n<p><strong>Gro\u00dfe Aussicht: Die Berge rufen<\/strong><br>Die Klangwelt \u00f6ffnet sich &#8211; weit, stolz, spektakul\u00e4r. Die Silhouetten der Himalaya-Gipfel zeichnen sich ab. Der Zug gewinnt an Fahrt, die Reise wird greifbar. Gel\u00e4chter, Staunen, Begeisterung &#8211; getragen von der Freude, mittendrin zu sein in diesem musikalischen H\u00f6henflug.<\/p>\n\n\n\n<p><strong>K\u00e4lte der H\u00f6he: Atem des Himalaya<\/strong><br>Pl\u00f6tzlich wird es stiller, k\u00fchler. Die Melodie wird klarer, fast zerbrechlich. Der warme Klang der Tiefe weicht eisiger Frische. Die Luft ist d\u00fcnner, die Stille dichter &#8211; der Himalaya zeigt seine ehrf\u00fcrchtige Seite.<\/p>\n\n\n\n<p><strong>Licht trotz K\u00e4lte: Freude in Bewegung<\/strong><br>Doch die Musik w\u00e4rmt weiter. Sie tanzt, sie treibt den Zug voran. Die Fahrt ist rasant, der Wind pfeift, doch das Herz bleibt leicht. Was z\u00e4hlt, ist die Aussicht, das Erlebnis, das Lachen in den Gesichtern &#8211; und die Musik, die alles verbindet.<\/p>\n\n\n\n<p><strong>Begegnungen: Am Rand der Gleise<\/strong><br>Der Zug h\u00e4lt, Menschen winken, Stra\u00dfenh\u00e4ndler rufen, Kinder lachen. Die Musik wird bunt, voller Stimmen, voller Leben. Es sind diese kleinen Momente am Wegesrand, die diese Reise gro\u00df machen.<\/p>\n\n\n\n<p><strong>Technik in Takt: Kurven, Schleifen, Kunst<\/strong><br>Die Bahn windet sich \u00fcber Br\u00fccken, durch Schleifen, R\u00fcckw\u00e4rtsman\u00f6ver &#8211; ein Wunderwerk auf R\u00e4dern. Auch die Musik dreht, tanzt, wendet sich, \u00fcberrascht. Hier wird Technik zur Poesie und jede Kurve zur Phrase.<\/p>\n\n\n\n<p><strong>Die letzten Meter: Nebel und N\u00e4he<\/strong><br>Die Sicht wird tr\u00fcber, der Nebel dichter &#8211; aber der Klang bleibt hell. Darjeeling naht. Die Spannung f\u00e4llt, der Rhythmus wird ruhiger, erwartungsvoll. Noch wenige Minuten &#8211; dann ist das Ziel erreicht.<\/p>\n\n\n\n<p><strong>Ankunft: Der letzte Ton<\/strong><br>Der Zug h\u00e4lt. Die Reise ist zu Ende, doch der Klang bleibt. In uns, um uns, als Melodie einer Erfahrung, die mehr war als eine Fahrt. Es war ein Weg durch Landschaft, Geschichte &#8211; und Musik.<\/p>\n","protected":false},"excerpt":{"rendered":"<p>von Peter Ebbinghaus, bei unserem Jahreskonzert im Jahr des Akkordeons 2026. Live-Mitschnitt (mit Kopfh\u00f6rern klingt es am besten) Mit dem \u201eToy Train&#8220; entlang des Himalaya Gebirges Der Aufbruch: Melodie des MorgensDie Reise Beginnt &#8211; mit einer charmanten, fast verspielten Melodie. &hellip; <a href=\"https:\/\/www.hc-sulzburg.de\/?page_id=12737\">Weiterlesen <span class=\"meta-nav\">&rarr;<\/span><\/a><\/p>\n","protected":false},"author":53,"featured_media":12245,"parent":0,"menu_order":0,"comment_status":"closed","ping_status":"closed","template":"","meta":{"footnotes":""},"class_list":["post-12737","page","type-page","status-publish","has-post-thumbnail","hentry"],"publishpress_future_action":{"enabled":false,"date":"2026-05-08 17:27:54","action":"change-status","newStatus":"draft","terms":[],"taxonomy":"","extraData":[]},"publishpress_future_workflow_manual_trigger":{"enabledWorkflows":[]},"_links":{"self":[{"href":"https:\/\/www.hc-sulzburg.de\/index.php?rest_route=\/wp\/v2\/pages\/12737","targetHints":{"allow":["GET"]}}],"collection":[{"href":"https:\/\/www.hc-sulzburg.de\/index.php?rest_route=\/wp\/v2\/pages"}],"about":[{"href":"https:\/\/www.hc-sulzburg.de\/index.php?rest_route=\/wp\/v2\/types\/page"}],"author":[{"embeddable":true,"href":"https:\/\/www.hc-sulzburg.de\/index.php?rest_route=\/wp\/v2\/users\/53"}],"replies":[{"embeddable":true,"href":"https:\/\/www.hc-sulzburg.de\/index.php?rest_route=%2Fwp%2Fv2%2Fcomments&post=12737"}],"version-history":[{"count":0,"href":"https:\/\/www.hc-sulzburg.de\/index.php?rest_route=\/wp\/v2\/pages\/12737\/revisions"}],"wp:featuredmedia":[{"embeddable":true,"href":"https:\/\/www.hc-sulzburg.de\/index.php?rest_route=\/wp\/v2\/media\/12245"}],"wp:attachment":[{"href":"https:\/\/www.hc-sulzburg.de\/index.php?rest_route=%2Fwp%2Fv2%2Fmedia&parent=12737"}],"curies":[{"name":"wp","href":"https:\/\/api.w.org\/{rel}","templated":true}]}}