{"id":14,"date":"2012-01-04T23:34:08","date_gmt":"2012-01-04T23:34:08","guid":{"rendered":"https:\/\/www.hc-sulzburg.de\/?page_id=14"},"modified":"2026-01-23T23:20:52","modified_gmt":"2026-01-23T22:20:52","slug":"die-musik","status":"publish","type":"page","link":"https:\/\/www.hc-sulzburg.de\/?page_id=14","title":{"rendered":"die Musik"},"content":{"rendered":"\n<div style=\"height:20px\" aria-hidden=\"true\" class=\"wp-block-spacer\"><\/div>\n\n\n\n<p>Viele verbinden das Akkordeon ausschlie\u00dflich mit deutscher Volksmusik, Tracht und Brauchtum. Aber das ist nur ein ganz kleiner Teil dessen, was man mit diesem Instrument anstellen kann. Ein Akkordeonorchester kann sich anh\u00f6ren wie eine gro\u00dfe&nbsp; Kirchenorgel, aber viel filigraner, dynamischer und vielschichtiger. Das Klangbild eines klassischen Streichorchesters ist f\u00fcr viele Laien von einem Akkordeonorchester kaum zu unterscheiden. M\u00e4rsche klingen genauso wie bei reinen Blasmusik-Kapellen und selbst Bigbands oder Rock, Pop und Jazz k\u00f6nnen mit dem Akkordeon hervorragend umgesetzt werden.<\/p>\n\n\n\n<p>Akkordeonmusik zeichnet sich besonders durch ein charakteristisches und doch vielf\u00e4ltiges Klangbild aus. So braucht man z.B. nur an einen Tango oder Musettewalzer zu denken, um sofort die Assoziation zum Akkordeon herzustellen. Es gibt auch zeitgen\u00f6ssische Orginalwerke f\u00fcr Akkordeonorchester, deren Musik moderner klingt als man es von klassischen Sinfonieorchestern kennt, zum Beispiel:<\/p>\n\n\n\n<p>Suite d&#8217;affetto | Paul K\u00fchmstedt\/Wolfagang Pfeffer<br>Unter der Leitung von Laurent Colombo, Innsbruck 2025<\/p>\n\n\n\n<ul class=\"wp-block-list\">\n<li>stolz<\/li>\n\n\n\n<li>launsch<\/li>\n\n\n\n<li>gef\u00fchlvoll und impulsiv<\/li>\n\n\n\n<li>ausgelassen<\/li>\n<\/ul>\n\n\n<div>Mit dem Abspielen akzeptiere ich die <a href=\"https:\/\/www.hc-sulzburg.de\/?page_id=5740#youtube_dsgvo\">YouTube Datenschutzerkl\u00e4rung<\/a><\/div>\n<p><iframe loading=\"lazy\" src=\"https:\/\/www.youtube-nocookie.com\/embed\/L5jW0luX-as\" title=\"YouTube video player\" allow=\"accelerometer; autoplay; clipboard-write; encrypted-media; gyroscope; picture-in-picture\" allowfullscreen=\"\" width=\"560\" height=\"315\" frameborder=\"0\"><\/iframe><\/p>\n\n\n\n<p>Dies alles macht das Akkordeon als Instrument so interessant und einzigartig. H\u00f6ren Sie doch einfach mal rein in unsere Konzertmitschnitte von <a href=\"https:\/\/www.hc-sulzburg.de\/?page_id=12737\">2026<\/a>, <a href=\"https:\/\/www.hc-sulzburg.de\/?page_id=217\">2012 und 2013<\/a>, oder den <a href=\"https:\/\/www.hc-sulzburg.de\/?page_id=7992\">Corona Videoprojekten<\/a>.<\/p>\n\n\n\n<p>Uns liegt es am Herzen, ein breites Publikum anzusprechen und dabei alle Facetten der Akkordeonmusik zu beleuchten. Genauso wie unsere Welt immer vielf\u00e4ltiger wird, ist auch unsere Musik sehr vielf\u00e4ltig. Am besten Sie \u00fcberzeugen sich selbst bei einem Besuch unserer Konzerte.<\/p>\n","protected":false},"excerpt":{"rendered":"<p>Viele verbinden das Akkordeon ausschlie\u00dflich mit deutscher Volksmusik, Tracht und Brauchtum. Aber das ist nur ein ganz kleiner Teil dessen, was man mit diesem Instrument anstellen kann. Ein Akkordeonorchester kann sich anh\u00f6ren wie eine gro\u00dfe&nbsp; Kirchenorgel, aber viel filigraner, dynamischer &hellip; <a href=\"https:\/\/www.hc-sulzburg.de\/?page_id=14\">Weiterlesen <span class=\"meta-nav\">&rarr;<\/span><\/a><\/p>\n","protected":false},"author":53,"featured_media":7953,"parent":0,"menu_order":0,"comment_status":"closed","ping_status":"closed","template":"sidebar-page.php","meta":{"footnotes":""},"class_list":["post-14","page","type-page","status-publish","has-post-thumbnail","hentry"],"publishpress_future_action":{"enabled":false,"date":"2026-05-08 15:46:19","action":"change-status","newStatus":"draft","terms":[],"taxonomy":"","extraData":[]},"publishpress_future_workflow_manual_trigger":{"enabledWorkflows":[]},"_links":{"self":[{"href":"https:\/\/www.hc-sulzburg.de\/index.php?rest_route=\/wp\/v2\/pages\/14","targetHints":{"allow":["GET"]}}],"collection":[{"href":"https:\/\/www.hc-sulzburg.de\/index.php?rest_route=\/wp\/v2\/pages"}],"about":[{"href":"https:\/\/www.hc-sulzburg.de\/index.php?rest_route=\/wp\/v2\/types\/page"}],"author":[{"embeddable":true,"href":"https:\/\/www.hc-sulzburg.de\/index.php?rest_route=\/wp\/v2\/users\/53"}],"replies":[{"embeddable":true,"href":"https:\/\/www.hc-sulzburg.de\/index.php?rest_route=%2Fwp%2Fv2%2Fcomments&post=14"}],"version-history":[{"count":0,"href":"https:\/\/www.hc-sulzburg.de\/index.php?rest_route=\/wp\/v2\/pages\/14\/revisions"}],"wp:featuredmedia":[{"embeddable":true,"href":"https:\/\/www.hc-sulzburg.de\/index.php?rest_route=\/wp\/v2\/media\/7953"}],"wp:attachment":[{"href":"https:\/\/www.hc-sulzburg.de\/index.php?rest_route=%2Fwp%2Fv2%2Fmedia&parent=14"}],"curies":[{"name":"wp","href":"https:\/\/api.w.org\/{rel}","templated":true}]}}