{"id":145,"date":"2012-01-10T17:47:19","date_gmt":"2012-01-10T17:47:19","guid":{"rendered":"https:\/\/www.hc-sulzburg.de\/?page_id=145"},"modified":"2026-01-06T14:16:49","modified_gmt":"2026-01-06T13:16:49","slug":"die-vorstande","status":"publish","type":"page","link":"https:\/\/www.hc-sulzburg.de\/?page_id=145","title":{"rendered":"das Jugendorchester"},"content":{"rendered":"\n<div class=\"wp-block-media-text is-vertically-aligned-center\" style=\"grid-template-columns:22% auto\"><figure class=\"wp-block-media-text__media\"><img decoding=\"async\" src=\"https:\/\/www.hc-sulzburg.de\/wp-content\/uploads\/Galerie\/rotes_herz_transparent.png\" alt=\"\" class=\"wp-image-11999 size-full\"\/><\/figure><div class=\"wp-block-media-text__content\">\n<p>Leider gibt es momentan &#8211; stand 12.2025 &#8211; keine aktiven Spieler vom HC Sulzburg f\u00fcr das gemeinschaftliche Jugendorchester des AO Heitersheim und HC Sulzburg. Die Kooperation bleibt aber nat\u00fcrlich erhalten und wir freuen uns, wenn es wieder gelingt ein paar jugendliche von unserer Seite f\u00fcr das kleine Orchester zu gewinnen.<\/p>\n<\/div><\/div>\n\n\n\n<figure class=\"wp-block-embed aligncenter is-type-wp-embed is-provider-akkordeon-orchester-heitersheim-e-v wp-block-embed-akkordeon-orchester-heitersheim-e-v\"><div class=\"wp-block-embed__wrapper\">\n<blockquote class=\"wp-embedded-content\" data-secret=\"wZA5raNrO8\"><a href=\"https:\/\/ao-heitersheim.de\/kinderorchester-und-jugendensemble\/\">Kinderorchester und Jugendensemble<\/a><\/blockquote><iframe loading=\"lazy\" class=\"wp-embedded-content\" sandbox=\"allow-scripts\" security=\"restricted\" style=\"position: absolute; visibility: hidden;\" title=\"&#8222;Kinderorchester und Jugendensemble&#8220; &#8211; Akkordeon-Orchester Heitersheim e. V.\" src=\"https:\/\/ao-heitersheim.de\/kinderorchester-und-jugendensemble\/embed\/#?secret=6PczoeZa2Q#?secret=wZA5raNrO8\" data-secret=\"wZA5raNrO8\" width=\"584\" height=\"329\" frameborder=\"0\" marginwidth=\"0\" marginheight=\"0\" scrolling=\"no\"><\/iframe>\n<\/div><\/figure>\n\n\n\n<figure class=\"wp-block-image size-large is-resized\"><a href=\"https:\/\/www.hc-sulzburg.de\/wp-content\/uploads\/Galerie\/jk2024_63.jpg\"><img loading=\"lazy\" decoding=\"async\" width=\"800\" height=\"534\" src=\"https:\/\/www.hc-sulzburg.de\/wp-content\/uploads\/Galerie\/jk2024_63-800x534.jpg\" alt=\"\" class=\"wp-image-11719\" style=\"aspect-ratio:1.4814814378465673;width:601px;height:auto\" srcset=\"https:\/\/www.hc-sulzburg.de\/wp-content\/uploads\/Galerie\/jk2024_63-800x534.jpg 800w, https:\/\/www.hc-sulzburg.de\/wp-content\/uploads\/Galerie\/jk2024_63-450x300.jpg 450w, https:\/\/www.hc-sulzburg.de\/wp-content\/uploads\/Galerie\/jk2024_63-150x100.jpg 150w, https:\/\/www.hc-sulzburg.de\/wp-content\/uploads\/Galerie\/jk2024_63-300x200.jpg 300w, https:\/\/www.hc-sulzburg.de\/wp-content\/uploads\/Galerie\/jk2024_63-768x512.jpg 768w, https:\/\/www.hc-sulzburg.de\/wp-content\/uploads\/Galerie\/jk2024_63.jpg 1000w\" sizes=\"auto, (max-width: 800px) 100vw, 800px\" \/><\/a><figcaption class=\"wp-element-caption\">Bild von 2025<\/figcaption><\/figure>\n","protected":false},"excerpt":{"rendered":"<p>Leider gibt es momentan &#8211; stand 12.2025 &#8211; keine aktiven Spieler vom HC Sulzburg f\u00fcr das gemeinschaftliche Jugendorchester des AO Heitersheim und HC Sulzburg. Die Kooperation bleibt aber nat\u00fcrlich erhalten und wir freuen uns, wenn es wieder gelingt ein paar &hellip; <a href=\"https:\/\/www.hc-sulzburg.de\/?page_id=145\">Weiterlesen <span class=\"meta-nav\">&rarr;<\/span><\/a><\/p>\n","protected":false},"author":53,"featured_media":7953,"parent":0,"menu_order":0,"comment_status":"closed","ping_status":"closed","template":"sidebar-page.php","meta":{"footnotes":""},"class_list":["post-145","page","type-page","status-publish","has-post-thumbnail","hentry"],"publishpress_future_action":{"enabled":false,"date":"2026-05-08 15:46:34","action":"change-status","newStatus":"draft","terms":[],"taxonomy":"","extraData":[]},"publishpress_future_workflow_manual_trigger":{"enabledWorkflows":[]},"_links":{"self":[{"href":"https:\/\/www.hc-sulzburg.de\/index.php?rest_route=\/wp\/v2\/pages\/145","targetHints":{"allow":["GET"]}}],"collection":[{"href":"https:\/\/www.hc-sulzburg.de\/index.php?rest_route=\/wp\/v2\/pages"}],"about":[{"href":"https:\/\/www.hc-sulzburg.de\/index.php?rest_route=\/wp\/v2\/types\/page"}],"author":[{"embeddable":true,"href":"https:\/\/www.hc-sulzburg.de\/index.php?rest_route=\/wp\/v2\/users\/53"}],"replies":[{"embeddable":true,"href":"https:\/\/www.hc-sulzburg.de\/index.php?rest_route=%2Fwp%2Fv2%2Fcomments&post=145"}],"version-history":[{"count":0,"href":"https:\/\/www.hc-sulzburg.de\/index.php?rest_route=\/wp\/v2\/pages\/145\/revisions"}],"wp:featuredmedia":[{"embeddable":true,"href":"https:\/\/www.hc-sulzburg.de\/index.php?rest_route=\/wp\/v2\/media\/7953"}],"wp:attachment":[{"href":"https:\/\/www.hc-sulzburg.de\/index.php?rest_route=%2Fwp%2Fv2%2Fmedia&parent=145"}],"curies":[{"name":"wp","href":"https:\/\/api.w.org\/{rel}","templated":true}]}}