{"id":225,"date":"2012-01-26T23:26:04","date_gmt":"2012-01-26T23:26:04","guid":{"rendered":"https:\/\/www.hc-sulzburg.de\/?page_id=225"},"modified":"2023-05-07T15:18:27","modified_gmt":"2023-05-07T13:18:27","slug":"das-gastebuch-3","status":"publish","type":"page","link":"https:\/\/www.hc-sulzburg.de\/?page_id=225","title":{"rendered":"das G\u00e4stebuch"},"content":{"rendered":"\n<p>\u00dcber einen netten G\u00e4stebucheintrag w\u00fcrden wir uns sehr freuen. Der Eintrag wird sofort ver\u00f6ffentlicht. Die Angabe eines Namens ist freiwillig. Keine Angst vor Fehlern, einfach eine E-Mail schicken an: <a href=\"javascript:;\" data-enc-email=\"jroznfgre[at]up-fhymohet.qr\" class=\"mail-link\" data-wpel-link=\"ignore\"><span id=\"wpmt-369320-186195\"><\/span><script type=\"text\/javascript\">document.getElementById(\"wpmt-369320-186195\").innerHTML = eval(decodeURIComponent(\"%27%77%65%62%6d%61%73%74%65%72%40%68%63%2d%73%75%6c%7a%62%75%72%67%2e%64%65%27\"))<\/script><noscript>*protected email*<\/noscript><\/a> wir \u00e4ndern oder l\u00f6schen.<\/p>\n\n\n\t<div id=\"respond\" class=\"comment-respond wp-block-post-comments-form\">\n\t\t<h3 id=\"reply-title\" class=\"comment-reply-title\">Schreibe einen Kommentar<\/h3><form action=\"https:\/\/www.hc-sulzburg.de\/wp-comments-post.php\" method=\"post\" id=\"commentform\" class=\"comment-form\"><p class=\"comment-notes\"><span id=\"email-notes\">Deine E-Mail-Adresse wird nicht ver\u00f6ffentlicht.<\/span> <span class=\"required-field-message\">Erforderliche Felder sind mit <span class=\"required\">*<\/span> markiert<\/span><\/p><p class=\"comment-form-comment\"><label for=\"comment\">Kommentar <span class=\"required\">*<\/span><\/label> <textarea id=\"comment\" name=\"comment\" cols=\"45\" rows=\"8\" maxlength=\"65525\" required=\"required\"><\/textarea><\/p><p class=\"comment-form-author\"><label for=\"author\">Name<\/label> <input id=\"author\" name=\"author\" type=\"text\" value=\"\" size=\"30\" maxlength=\"245\" autocomplete=\"name\" \/><\/p>\n<p class=\"comment-form-email\"><label for=\"email\">E-Mail-Adresse<\/label> <input id=\"email\" name=\"email\" type=\"text\" value=\"\" size=\"30\" maxlength=\"100\" aria-describedby=\"email-notes\" autocomplete=\"email\" \/><\/p>\n<p class=\"comment-form-url\"><label for=\"url\">Website<\/label> <input id=\"url\" name=\"url\" type=\"text\" value=\"\" size=\"30\" maxlength=\"200\" autocomplete=\"url\" \/><\/p>\n<p class=\"form-submit\"><input name=\"submit\" type=\"submit\" id=\"submit\" class=\"submit\" value=\"Kommentar abschicken\" \/> <input type='hidden' name='comment_post_ID' value='225' id='comment_post_ID' \/>\n<input type='hidden' name='comment_parent' id='comment_parent' value='0' \/>\n<\/p><\/form>\t<\/div><!-- #respond -->\n\t","protected":false},"excerpt":{"rendered":"<p>\u00dcber einen netten G\u00e4stebucheintrag w\u00fcrden wir uns sehr freuen. Der Eintrag wird sofort ver\u00f6ffentlicht. Die Angabe eines Namens ist freiwillig. Keine Angst vor Fehlern, einfach eine E-Mail schicken an: wir \u00e4ndern oder l\u00f6schen.<\/p>\n","protected":false},"author":53,"featured_media":7953,"parent":0,"menu_order":0,"comment_status":"open","ping_status":"closed","template":"sidebar-page.php","meta":{"footnotes":""},"class_list":["post-225","page","type-page","status-publish","has-post-thumbnail","hentry"],"publishpress_future_action":{"enabled":false,"date":"2026-05-08 15:47:47","action":"change-status","newStatus":"draft","terms":[],"taxonomy":"","extraData":[]},"publishpress_future_workflow_manual_trigger":{"enabledWorkflows":[]},"_links":{"self":[{"href":"https:\/\/www.hc-sulzburg.de\/index.php?rest_route=\/wp\/v2\/pages\/225","targetHints":{"allow":["GET"]}}],"collection":[{"href":"https:\/\/www.hc-sulzburg.de\/index.php?rest_route=\/wp\/v2\/pages"}],"about":[{"href":"https:\/\/www.hc-sulzburg.de\/index.php?rest_route=\/wp\/v2\/types\/page"}],"author":[{"embeddable":true,"href":"https:\/\/www.hc-sulzburg.de\/index.php?rest_route=\/wp\/v2\/users\/53"}],"replies":[{"embeddable":true,"href":"https:\/\/www.hc-sulzburg.de\/index.php?rest_route=%2Fwp%2Fv2%2Fcomments&post=225"}],"version-history":[{"count":0,"href":"https:\/\/www.hc-sulzburg.de\/index.php?rest_route=\/wp\/v2\/pages\/225\/revisions"}],"wp:featuredmedia":[{"embeddable":true,"href":"https:\/\/www.hc-sulzburg.de\/index.php?rest_route=\/wp\/v2\/media\/7953"}],"wp:attachment":[{"href":"https:\/\/www.hc-sulzburg.de\/index.php?rest_route=%2Fwp%2Fv2%2Fmedia&parent=225"}],"curies":[{"name":"wp","href":"https:\/\/api.w.org\/{rel}","templated":true}]}}