{"id":4460,"date":"2013-04-15T22:37:37","date_gmt":"2013-04-15T20:37:37","guid":{"rendered":"https:\/\/www.hc-sulzburg.de\/?page_id=4460"},"modified":"2026-01-06T13:14:27","modified_gmt":"2026-01-06T12:14:27","slug":"das-motto","status":"publish","type":"page","link":"https:\/\/www.hc-sulzburg.de\/?page_id=4460","title":{"rendered":"das Motto"},"content":{"rendered":"\n<h1 class=\"wp-block-heading\">accordions in concert<\/h1>\n\n\n\n<hr class=\"wp-block-separator has-css-opacity is-style-wide\"\/>\n\n\n\n<div class=\"wp-block-media-text alignwide is-stacked-on-mobile is-vertically-aligned-center\" style=\"grid-template-columns:28% auto\"><figure class=\"wp-block-media-text__media\"><img loading=\"lazy\" decoding=\"async\" width=\"600\" height=\"600\" src=\"https:\/\/www.hc-sulzburg.de\/wp-content\/uploads\/Galerie\/hc_logo_trans-600x600.png\" alt=\"\" class=\"wp-image-7490 size-full\" srcset=\"https:\/\/www.hc-sulzburg.de\/wp-content\/uploads\/Galerie\/hc_logo_trans-600x600.png 600w, https:\/\/www.hc-sulzburg.de\/wp-content\/uploads\/Galerie\/hc_logo_trans-300x300.png 300w, https:\/\/www.hc-sulzburg.de\/wp-content\/uploads\/Galerie\/hc_logo_trans-150x150.png 150w, https:\/\/www.hc-sulzburg.de\/wp-content\/uploads\/Galerie\/hc_logo_trans-768x768.png 768w, https:\/\/www.hc-sulzburg.de\/wp-content\/uploads\/Galerie\/hc_logo_trans.png 838w\" sizes=\"auto, (max-width: 600px) 100vw, 600px\" \/><\/figure><div class=\"wp-block-media-text__content\">\n<p>Akkordeons, die an einem Strang ziehen, zusammepassen oder harmonieren. So oder so \u00e4hnlich k\u00f6nnte man die Redewendung aus dem Englischen ins Deutsche \u00fcbersetzen. Und wer sich mit etwas Fantasie bei &#8222;accordions in concert&#8220; ein Konzertorchester aus Akkordeons vorstellt, ist hier genau richtig, auf der Hompage des <strong>Handharmonika-Club Sulzburg e.V.<\/strong><\/p>\n<\/div><\/div>\n\n\n\n<hr class=\"wp-block-separator has-css-opacity is-style-wide\"\/>\n\n\n\n<style>\n.container {\n  position: relative;\n}\n.overlay {\n  position: absolute;\n  top: 0;\n  bottom: 0;\n  left: 0;\n  right: 0;\n  opacity: 0;\n}\n.container:hover .overlay {\n  opacity: 1;\n}\n<\/style>\n<div class=\"container\"><img loading=\"lazy\" decoding=\"async\" class=\"aligncenter size-full\" src=\"https:\/\/www.hc-sulzburg.de\/wp-content\/uploads\/Vereinsbild\/inconcert1.jpg\" width=\"1000\" height=\"546\"><div class=\"overlay\"><img loading=\"lazy\" decoding=\"async\" class=\"aligncenter size-full\" src=\"https:\/\/www.hc-sulzburg.de\/wp-content\/uploads\/Vereinsbild\/inconcert2.jpg\" width=\"1000\" height=\"546\"><\/div><\/div>\n\n\n\n<p>Bilder von 2019<\/p>\n","protected":false},"excerpt":{"rendered":"<p>accordions in concert Akkordeons, die an einem Strang ziehen, zusammepassen oder harmonieren. So oder so \u00e4hnlich k\u00f6nnte man die Redewendung aus dem Englischen ins Deutsche \u00fcbersetzen. Und wer sich mit etwas Fantasie bei &#8222;accordions in concert&#8220; ein Konzertorchester aus Akkordeons &hellip; <a href=\"https:\/\/www.hc-sulzburg.de\/?page_id=4460\">Weiterlesen <span class=\"meta-nav\">&rarr;<\/span><\/a><\/p>\n","protected":false},"author":53,"featured_media":7953,"parent":0,"menu_order":0,"comment_status":"closed","ping_status":"closed","template":"","meta":{"footnotes":""},"class_list":["post-4460","page","type-page","status-publish","has-post-thumbnail","hentry"],"publishpress_future_action":{"enabled":false,"date":"2026-05-08 19:55:27","action":"change-status","newStatus":"draft","terms":[],"taxonomy":"","extraData":[]},"publishpress_future_workflow_manual_trigger":{"enabledWorkflows":[]},"_links":{"self":[{"href":"https:\/\/www.hc-sulzburg.de\/index.php?rest_route=\/wp\/v2\/pages\/4460","targetHints":{"allow":["GET"]}}],"collection":[{"href":"https:\/\/www.hc-sulzburg.de\/index.php?rest_route=\/wp\/v2\/pages"}],"about":[{"href":"https:\/\/www.hc-sulzburg.de\/index.php?rest_route=\/wp\/v2\/types\/page"}],"author":[{"embeddable":true,"href":"https:\/\/www.hc-sulzburg.de\/index.php?rest_route=\/wp\/v2\/users\/53"}],"replies":[{"embeddable":true,"href":"https:\/\/www.hc-sulzburg.de\/index.php?rest_route=%2Fwp%2Fv2%2Fcomments&post=4460"}],"version-history":[{"count":0,"href":"https:\/\/www.hc-sulzburg.de\/index.php?rest_route=\/wp\/v2\/pages\/4460\/revisions"}],"wp:featuredmedia":[{"embeddable":true,"href":"https:\/\/www.hc-sulzburg.de\/index.php?rest_route=\/wp\/v2\/media\/7953"}],"wp:attachment":[{"href":"https:\/\/www.hc-sulzburg.de\/index.php?rest_route=%2Fwp%2Fv2%2Fmedia&parent=4460"}],"curies":[{"name":"wp","href":"https:\/\/api.w.org\/{rel}","templated":true}]}}