{"id":5973,"date":"2018-12-17T21:35:56","date_gmt":"2018-12-17T20:35:56","guid":{"rendered":"https:\/\/www.hc-sulzburg.de\/?page_id=5973"},"modified":"2023-04-13T04:03:12","modified_gmt":"2023-04-13T02:03:12","slug":"die-anmeldung","status":"publish","type":"page","link":"https:\/\/www.hc-sulzburg.de\/?page_id=5973","title":{"rendered":"die Anmeldung"},"content":{"rendered":"\n<div style=\"height:20px\" aria-hidden=\"true\" class=\"wp-block-spacer\"><\/div>\n\n\n\n<p class=\"has-text-align-left\">Sie wollen ihre(n) Tochter\/Sohn bei unserem Verein zur Ausbildung anmelden oder sich selbst,&nbsp;dann k\u00f6nnen Sie den <a title=\"Anmeldebogen\" rel=\"noopener noreferrer\" href=\"https:\/\/www.hc-sulzburg.de\/wp-content\/uploads\/Formulare\/Akk_Unterricht_Anmeldeformular.pdf\" target=\"_blank\">Anmeldebogen<\/a> vorab ausf\u00fcllen. Wenn Sie nur F\u00f6rdermitglied werden wollen, dann steht ihnen hier auch unsere <a title=\"F\u00f6rdererkl\u00e4rung\" rel=\"noopener noreferrer\" href=\"https:\/\/www.hc-sulzburg.de\/wp-content\/uploads\/Formulare\/Foerdermitgliedschaft.pdf\" target=\"_blank\">F\u00f6rdererkl\u00e4rung<\/a> zur Verf\u00fcgung.<\/p>\n\n\n\n<div><style>\n.container {\n  position: relative;\n}\n.overlay {\n  position: absolute;\n  top: 0;\n  bottom: 0;\n  left: 0;\n  right: 0;\n  opacity: 0;\n}\n.container:hover .overlay {\n  opacity: 1;\n}\n<\/style>\n<div class=\"container\"><img loading=\"lazy\" decoding=\"async\" class=\"aligncenter\" src=\"https:\/\/www.hc-sulzburg.de\/wp-content\/uploads\/Vereinsbild\/R\u00fccken1.jpg\" alt=\"\" width=\"1000\" height=\"665\"><div class=\"overlay\"><img loading=\"lazy\" decoding=\"async\" class=\"aligncenter\" src=\"https:\/\/www.hc-sulzburg.de\/wp-content\/uploads\/Vereinsbild\/R\u00fccken2.jpg\" alt=\"\" width=\"1000\" height=\"665\"><\/div><\/div>\n\n\n\n<p class=\"has-text-align-center\">Komm mit uns mit, wir freuen uns auf Dich.<\/p>\n\n\n\n<h1 class=\"wp-block-heading\">F\u00fcr die Akkordeonsch\u00fcler und Eltern:<\/h1>\n\n\n\n<figure class=\"wp-block-image size-large\"><a href=\"https:\/\/www.hc-sulzburg.de\/wp-content\/uploads\/Formulare\/Akk_Unterricht_Anmeldeformular.pdf\"><img decoding=\"async\" src=\"https:\/\/www.hc-sulzburg.de\/wp-content\/uploads\/Vereinsbild\/anmeldung_bild.png\" alt=\"\"\/><\/a><\/figure>\n\n\n\n<hr class=\"wp-block-separator has-alpha-channel-opacity\"\/>\n\n\n\n<h2 class=\"wp-block-heading\">F\u00fcr die F\u00f6rdermitglieder:<\/h2>\n\n\n\n<figure class=\"wp-block-image size-large\"><a href=\"https:\/\/www.hc-sulzburg.de\/wp-content\/uploads\/Formulare\/Foerdermitgliedschaft.pdf\"><img decoding=\"async\" src=\"https:\/\/www.hc-sulzburg.de\/wp-content\/uploads\/Vereinsbild\/foerdereerklaerung_bild.png\" alt=\"\"\/><\/a><\/figure>\n","protected":false},"excerpt":{"rendered":"<p>Sie wollen ihre(n) Tochter\/Sohn bei unserem Verein zur Ausbildung anmelden oder sich selbst,&nbsp;dann k\u00f6nnen Sie den Anmeldebogen vorab ausf\u00fcllen. Wenn Sie nur F\u00f6rdermitglied werden wollen, dann steht ihnen hier auch unsere F\u00f6rdererkl\u00e4rung zur Verf\u00fcgung. Komm mit uns mit, wir freuen &hellip; <a href=\"https:\/\/www.hc-sulzburg.de\/?page_id=5973\">Weiterlesen <span class=\"meta-nav\">&rarr;<\/span><\/a><\/p>\n","protected":false},"author":53,"featured_media":7953,"parent":0,"menu_order":0,"comment_status":"closed","ping_status":"closed","template":"sidebar-page.php","meta":{"footnotes":""},"class_list":["post-5973","page","type-page","status-publish","has-post-thumbnail","hentry"],"publishpress_future_action":{"enabled":false,"date":"2026-05-08 15:51:54","action":"change-status","newStatus":"draft","terms":[],"taxonomy":"","extraData":[]},"publishpress_future_workflow_manual_trigger":{"enabledWorkflows":[]},"_links":{"self":[{"href":"https:\/\/www.hc-sulzburg.de\/index.php?rest_route=\/wp\/v2\/pages\/5973","targetHints":{"allow":["GET"]}}],"collection":[{"href":"https:\/\/www.hc-sulzburg.de\/index.php?rest_route=\/wp\/v2\/pages"}],"about":[{"href":"https:\/\/www.hc-sulzburg.de\/index.php?rest_route=\/wp\/v2\/types\/page"}],"author":[{"embeddable":true,"href":"https:\/\/www.hc-sulzburg.de\/index.php?rest_route=\/wp\/v2\/users\/53"}],"replies":[{"embeddable":true,"href":"https:\/\/www.hc-sulzburg.de\/index.php?rest_route=%2Fwp%2Fv2%2Fcomments&post=5973"}],"version-history":[{"count":0,"href":"https:\/\/www.hc-sulzburg.de\/index.php?rest_route=\/wp\/v2\/pages\/5973\/revisions"}],"wp:featuredmedia":[{"embeddable":true,"href":"https:\/\/www.hc-sulzburg.de\/index.php?rest_route=\/wp\/v2\/media\/7953"}],"wp:attachment":[{"href":"https:\/\/www.hc-sulzburg.de\/index.php?rest_route=%2Fwp%2Fv2%2Fmedia&parent=5973"}],"curies":[{"name":"wp","href":"https:\/\/api.w.org\/{rel}","templated":true}]}}