{"id":7992,"date":"2021-01-31T16:27:53","date_gmt":"2021-01-31T15:27:53","guid":{"rendered":"https:\/\/www.hc-sulzburg.de\/?page_id=7992"},"modified":"2025-12-29T13:37:43","modified_gmt":"2025-12-29T12:37:43","slug":"2020-counting-the-days","status":"publish","type":"page","link":"https:\/\/www.hc-sulzburg.de\/?page_id=7992","title":{"rendered":"die Corona Videoprojekte"},"content":{"rendered":"<div>Mit dem Abspielen akzeptiere ich die <a href=\"https:\/\/www.hc-sulzburg.de\/?page_id=5740#youtube_dsgvo\">YouTube Datenschutzerkl\u00e4rung<\/a><\/div>\n<p><iframe loading=\"lazy\" src=\"https:\/\/www.youtube-nocookie.com\/embed\/2TWhm2LyJzs\" title=\"YouTube video player\" allow=\"accelerometer; autoplay; clipboard-write; encrypted-media; gyroscope; picture-in-picture\" allowfullscreen=\"\" width=\"560\" height=\"315\" frameborder=\"0\"><\/iframe><\/p>\n\n\n\n<p>Counting the Days, komponiert von Silke D&#8217;Inka w\u00e4hrend der ersten Corona-Welle im Fr\u00fchjahr 2020.<\/p>\n\n\n<div>Mit dem Abspielen akzeptiere ich die <a href=\"https:\/\/www.hc-sulzburg.de\/?page_id=5740#youtube_dsgvo\">YouTube Datenschutzerkl\u00e4rung<\/a><\/div>\n<p><iframe loading=\"lazy\" width=\"560\" height=\"315\" src=\"https:\/\/www.youtube.com\/embed\/jrnpSfg51YU\" title=\"YouTube video player\" frameborder=\"0\" allow=\"accelerometer; autoplay; clipboard-write; encrypted-media; gyroscope; picture-in-picture; web-share\" allowfullscreen=\"\"><\/iframe><\/p>\n\n\n\n<p>Ben Hur, ein Video Projekt das in der zweiten H\u00e4lfte der Corona-Pandemie entstand.<\/p>\n","protected":false},"excerpt":{"rendered":"<p>Counting the Days, komponiert von Silke D&#8217;Inka w\u00e4hrend der ersten Corona-Welle im Fr\u00fchjahr 2020. Ben Hur, ein Video Projekt das in der zweiten H\u00e4lfte der Corona-Pandemie entstand.<\/p>\n","protected":false},"author":53,"featured_media":7953,"parent":0,"menu_order":0,"comment_status":"closed","ping_status":"closed","template":"","meta":{"footnotes":""},"class_list":["post-7992","page","type-page","status-publish","has-post-thumbnail","hentry"],"publishpress_future_action":{"enabled":false,"date":"2026-05-12 10:33:38","action":"change-status","newStatus":"draft","terms":[],"taxonomy":"","extraData":[]},"publishpress_future_workflow_manual_trigger":{"enabledWorkflows":[]},"_links":{"self":[{"href":"https:\/\/www.hc-sulzburg.de\/index.php?rest_route=\/wp\/v2\/pages\/7992","targetHints":{"allow":["GET"]}}],"collection":[{"href":"https:\/\/www.hc-sulzburg.de\/index.php?rest_route=\/wp\/v2\/pages"}],"about":[{"href":"https:\/\/www.hc-sulzburg.de\/index.php?rest_route=\/wp\/v2\/types\/page"}],"author":[{"embeddable":true,"href":"https:\/\/www.hc-sulzburg.de\/index.php?rest_route=\/wp\/v2\/users\/53"}],"replies":[{"embeddable":true,"href":"https:\/\/www.hc-sulzburg.de\/index.php?rest_route=%2Fwp%2Fv2%2Fcomments&post=7992"}],"version-history":[{"count":0,"href":"https:\/\/www.hc-sulzburg.de\/index.php?rest_route=\/wp\/v2\/pages\/7992\/revisions"}],"wp:featuredmedia":[{"embeddable":true,"href":"https:\/\/www.hc-sulzburg.de\/index.php?rest_route=\/wp\/v2\/media\/7953"}],"wp:attachment":[{"href":"https:\/\/www.hc-sulzburg.de\/index.php?rest_route=%2Fwp%2Fv2%2Fmedia&parent=7992"}],"curies":[{"name":"wp","href":"https:\/\/api.w.org\/{rel}","templated":true}]}}